{"id":11374,"date":"2024-02-14T22:30:36","date_gmt":"2024-02-15T01:30:36","guid":{"rendered":"https:\/\/tailoradvisory.com\/?page_id=11374"},"modified":"2025-12-01T13:24:49","modified_gmt":"2025-12-01T16:24:49","slug":"diagnostico","status":"publish","type":"page","link":"https:\/\/tailoradvisory.com\/pt-br\/diagnostico\/","title":{"rendered":"Diagn\u00f3stico"},"content":{"rendered":"\t\t<div data-elementor-type=\"wp-page\" data-elementor-id=\"11374\" class=\"elementor elementor-11374\">\n\t\t\t\t<div class=\"elementor-element elementor-element-1a89f1d e-con-full e-flex e-con e-parent\" data-id=\"1a89f1d\" data-element_type=\"container\" data-e-type=\"container\" data-settings=\"{&quot;background_background&quot;:&quot;classic&quot;}\">\n\t\t\t\t<div class=\"elementor-element elementor-element-3e14293 elementor-widget elementor-widget-html\" data-id=\"3e14293\" data-element_type=\"widget\" data-e-type=\"widget\" data-widget_type=\"html.default\">\n\t\t\t\t<div class=\"elementor-widget-container\">\n\t\t\t\t\t<span class=\"content-cloud\"><\/span>\n\t\t\t\t<\/div>\n\t\t\t\t<\/div>\n\t\t\t\t<\/div>\n\t\t<div class=\"elementor-element elementor-element-64fff8a e-flex e-con-boxed e-con e-parent\" data-id=\"64fff8a\" data-element_type=\"container\" data-e-type=\"container\">\n\t\t\t\t\t<div class=\"e-con-inner\">\n\t\t<div class=\"elementor-element elementor-element-931989d e-con-full e-flex e-con e-child\" data-id=\"931989d\" data-element_type=\"container\" data-e-type=\"container\">\n\t\t\t\t<div class=\"elementor-element elementor-element-5e9f9fc elementor-widget elementor-widget-heading\" data-id=\"5e9f9fc\" data-element_type=\"widget\" data-e-type=\"widget\" id=\"diag-title\" data-widget_type=\"heading.default\">\n\t\t\t\t<div class=\"elementor-widget-container\">\n\t\t\t\t\t<h3 class=\"elementor-heading-title elementor-size-default\">Existe um m\u00e9todo cient\u00edfico para que sua empresa acelere o fluxo operacional, garantindo lucro e satisfa\u00e7\u00e3o dos clientes.\n<\/h3>\t\t\t\t<\/div>\n\t\t\t\t<\/div>\n\t\t\t\t<\/div>\n\t\t<div class=\"elementor-element elementor-element-1eb7573 e-con-full e-flex e-con e-child\" data-id=\"1eb7573\" data-element_type=\"container\" data-e-type=\"container\">\n\t\t\t\t<div class=\"elementor-element elementor-element-9dc66c8 e-transform elementor-widget elementor-widget-image\" data-id=\"9dc66c8\" data-element_type=\"widget\" data-e-type=\"widget\" data-settings=\"{&quot;_transform_skewX_effect&quot;:{&quot;unit&quot;:&quot;px&quot;,&quot;size&quot;:&quot;&quot;,&quot;sizes&quot;:[]},&quot;_transform_skewX_effect_tablet&quot;:{&quot;unit&quot;:&quot;deg&quot;,&quot;size&quot;:&quot;&quot;,&quot;sizes&quot;:[]},&quot;_transform_skewX_effect_mobile&quot;:{&quot;unit&quot;:&quot;deg&quot;,&quot;size&quot;:&quot;&quot;,&quot;sizes&quot;:[]},&quot;_transform_skewY_effect&quot;:{&quot;unit&quot;:&quot;px&quot;,&quot;size&quot;:&quot;&quot;,&quot;sizes&quot;:[]},&quot;_transform_skewY_effect_tablet&quot;:{&quot;unit&quot;:&quot;deg&quot;,&quot;size&quot;:&quot;&quot;,&quot;sizes&quot;:[]},&quot;_transform_skewY_effect_mobile&quot;:{&quot;unit&quot;:&quot;deg&quot;,&quot;size&quot;:&quot;&quot;,&quot;sizes&quot;:[]}}\" data-widget_type=\"image.default\">\n\t\t\t\t<div class=\"elementor-widget-container\">\n\t\t\t\t\t\t\t\t\t\t\t\t\t\t\t<img fetchpriority=\"high\" decoding=\"async\" width=\"1024\" height=\"1024\" src=\"https:\/\/tailoradvisory.com\/wp-content\/uploads\/2024\/02\/selo_preto_3-1024x1024.png\" class=\"attachment-large size-large wp-image-11887\" alt=\"\" srcset=\"https:\/\/tailoradvisory.com\/wp-content\/uploads\/2024\/02\/selo_preto_3-1024x1024.png 1024w, https:\/\/tailoradvisory.com\/wp-content\/uploads\/2024\/02\/selo_preto_3-300x300.png 300w, https:\/\/tailoradvisory.com\/wp-content\/uploads\/2024\/02\/selo_preto_3-150x150.png 150w, https:\/\/tailoradvisory.com\/wp-content\/uploads\/2024\/02\/selo_preto_3-768x768.png 768w, https:\/\/tailoradvisory.com\/wp-content\/uploads\/2024\/02\/selo_preto_3-1536x1536.png 1536w, https:\/\/tailoradvisory.com\/wp-content\/uploads\/2024\/02\/selo_preto_3-2048x2048.png 2048w, https:\/\/tailoradvisory.com\/wp-content\/uploads\/2024\/02\/selo_preto_3-650x650.png 650w, https:\/\/tailoradvisory.com\/wp-content\/uploads\/2024\/02\/selo_preto_3-1300x1300.png 1300w\" sizes=\"(max-width: 1024px) 100vw, 1024px\" \/>\t\t\t\t\t\t\t\t\t\t\t\t\t\t\t<\/div>\n\t\t\t\t<\/div>\n\t\t\t\t<\/div>\n\t\t\t\t\t<\/div>\n\t\t\t\t<\/div>\n\t\t<div class=\"elementor-element elementor-element-2e966f8 e-con-full e-flex e-con e-parent\" data-id=\"2e966f8\" data-element_type=\"container\" data-e-type=\"container\">\n\t\t<div class=\"elementor-element elementor-element-8474eaf e-flex e-con-boxed e-con e-child\" data-id=\"8474eaf\" data-element_type=\"container\" data-e-type=\"container\">\n\t\t\t\t\t<div class=\"e-con-inner\">\n\t\t\t\t<div class=\"elementor-element elementor-element-dc0b604 elementor-widget elementor-widget-text-editor\" data-id=\"dc0b604\" data-element_type=\"widget\" data-e-type=\"widget\" data-widget_type=\"text-editor.default\">\n\t\t\t\t<div class=\"elementor-widget-container\">\n\t\t\t\t\t\t\t\t\t<div class=\"texto texto-quem-somos\"><p>Sua empresa est\u00e1 enfrentando desafios nas \u00e1reas de Vendas, Opera\u00e7\u00f5es e Tecnologia? Fale com um especialista da Tailor Advisory. Nosso diagn\u00f3stico de desempenho utiliza uma abordagem sist\u00eamica, que alinha l\u00f3gica de causa e efeito e an\u00e1lise de comportamento humano. Esse diagn\u00f3stico tem sido o primeiro passo de muitas empresas que buscam melhorias de performance. \u201cCompreender o que o impede pode lhe dar um grande impulso.\u201d<\/p><h3 style=\"text-align: center; font-weight: bold; text-indent: 0px;\">Como funciona o diagn\u00f3stico de desempenho?<\/h3><p>Ap\u00f3s o contato inicial, \u00e9 definida uma data e coletados alguns dados preliminares. O trabalho combina entrevistas, visitas \u00e0 empresa, observa\u00e7\u00f5es e verifica\u00e7\u00f5es do dia-a-dia e de dados espec\u00edficos.<\/p><p>O feedback \u00e9 apresentado em reuni\u00e3o diretamente \u00e0 alta administra\u00e7\u00e3o e\/ou ao comit\u00ea de gest\u00e3o. S\u00e3o apresentadas recomenda\u00e7\u00f5es e um esbo\u00e7o de um plano para melhorias de desempenho. Estes elementos s\u00e3o suficientes para confirmar ou negar as intui\u00e7\u00f5es da Dire\u00e7\u00e3o Geral e para tomar as decis\u00f5es de alto n\u00edvel que se fizerem necess\u00e1rias.<\/p><\/div>\t\t\t\t\t\t\t\t<\/div>\n\t\t\t\t<\/div>\n\t\t\t\t\t<\/div>\n\t\t\t\t<\/div>\n\t\t\t\t<\/div>\n\t\t\t\t<section class=\"elementor-section elementor-top-section elementor-element elementor-element-457b30e4 elementor-section-full_width elementor-section-height-default elementor-section-height-default\" data-id=\"457b30e4\" data-element_type=\"section\" data-e-type=\"section\" data-settings=\"{&quot;background_background&quot;:&quot;classic&quot;}\">\n\t\t\t\t\t\t<div class=\"elementor-container elementor-column-gap-no\">\n\t\t\t\t\t<div class=\"elementor-column elementor-col-50 elementor-top-column elementor-element elementor-element-45c7bff6\" data-id=\"45c7bff6\" data-element_type=\"column\" data-e-type=\"column\">\n\t\t\t<div class=\"elementor-widget-wrap\">\n\t\t\t\t\t\t\t<\/div>\n\t\t<\/div>\n\t\t\t\t<div class=\"elementor-column elementor-col-50 elementor-top-column elementor-element elementor-element-2e2b616a\" data-id=\"2e2b616a\" data-element_type=\"column\" data-e-type=\"column\">\n\t\t\t<div class=\"elementor-widget-wrap elementor-element-populated\">\n\t\t\t\t\t\t<div class=\"elementor-element elementor-element-16ad3a18 elementor-widget elementor-widget-leroux_core_section_title\" data-id=\"16ad3a18\" data-element_type=\"widget\" data-e-type=\"widget\" data-widget_type=\"leroux_core_section_title.default\">\n\t\t\t\t<div class=\"elementor-widget-container\">\n\t\t\t\t\t<div class=\"qodef-shortcode qodef-m  qodef-section-title qodef-alignment--left \">\n\t\t<h2 class=\"qodef-m-title\" >\n\t\t\t\t\tFale Conosco:\t\t\t<\/h2>\n\t<\/div>\n\t\t\t\t<\/div>\n\t\t\t\t<\/div>\n\t\t\t\t<div class=\"elementor-element elementor-element-1760e502 elementor-widget elementor-widget-wp-widget-leroux_core_contact_form_7\" data-id=\"1760e502\" data-element_type=\"widget\" data-e-type=\"widget\" data-widget_type=\"wp-widget-leroux_core_contact_form_7.default\">\n\t\t\t\t<div class=\"elementor-widget-container\">\n\t\t\t\t\t\t\t\t<div class=\"qodef-contact-form-7\">\n\t\t\t\t\n<div class=\"wpcf7 no-js\" id=\"wpcf7-f6933-o1\" lang=\"pt-BR\" dir=\"ltr\" data-wpcf7-id=\"6933\">\n<div class=\"screen-reader-response\"><p role=\"status\" aria-live=\"polite\" aria-atomic=\"true\"><\/p> <ul><\/ul><\/div>\n<form action=\"\/pt-br\/wp-json\/wp\/v2\/pages\/11374#wpcf7-f6933-o1\" method=\"post\" class=\"wpcf7-form init\" aria-label=\"Formul\u00e1rios de contato\" novalidate=\"novalidate\" data-status=\"init\">\n<fieldset class=\"hidden-fields-container\"><input type=\"hidden\" name=\"_wpcf7\" value=\"6933\" \/><input type=\"hidden\" name=\"_wpcf7_version\" value=\"6.1.5\" \/><input type=\"hidden\" name=\"_wpcf7_locale\" value=\"pt_BR\" \/><input type=\"hidden\" name=\"_wpcf7_unit_tag\" value=\"wpcf7-f6933-o1\" \/><input type=\"hidden\" name=\"_wpcf7_container_post\" value=\"0\" \/><input type=\"hidden\" name=\"_wpcf7_posted_data_hash\" value=\"\" \/><input type=\"hidden\" name=\"_wpcf7_recaptcha_response\" value=\"\" \/>\n<\/fieldset>\n<div class=\"qodef-main-form qodef--large qodef-layout--columns\">\n\n<div class=\"qodef-cf7-columns\">\n\t<div class=\"qodef-input-holder\">\n\t\t<span class=\"wpcf7-form-control-wrap\" data-name=\"nome\"><input size=\"40\" maxlength=\"400\" class=\"wpcf7-form-control wpcf7-text wpcf7-validates-as-required\" aria-required=\"true\" aria-invalid=\"false\" placeholder=\"Nome *\" value=\"\" type=\"text\" name=\"nome\" \/><\/span>\n\t<\/div>\n\t<div class=\"qodef-input-holder\">\n\t\t<span class=\"wpcf7-form-control-wrap\" data-name=\"cargo\"><input size=\"40\" maxlength=\"400\" class=\"wpcf7-form-control wpcf7-text wpcf7-validates-as-required\" aria-required=\"true\" aria-invalid=\"false\" placeholder=\"Cargo *\" value=\"\" type=\"text\" name=\"cargo\" \/><\/span>\n\t<\/div>\n<\/div>\n\n<div class=\"qodef-cf7-columns\">\n\t<div class=\"qodef-input-holder\">\n\t\t<span class=\"wpcf7-form-control-wrap\" data-name=\"empresa\"><input size=\"40\" maxlength=\"400\" class=\"wpcf7-form-control wpcf7-text wpcf7-validates-as-required\" aria-required=\"true\" aria-invalid=\"false\" placeholder=\"Empresa *\" value=\"\" type=\"text\" name=\"empresa\" \/><\/span>\n\t<\/div>\n\t<div class=\"qodef-input-holder\">\n\t\t<span class=\"wpcf7-form-control-wrap\" data-name=\"segmento\"><input size=\"40\" maxlength=\"400\" class=\"wpcf7-form-control wpcf7-text wpcf7-validates-as-required\" aria-required=\"true\" aria-invalid=\"false\" placeholder=\"Segmento *\" value=\"\" type=\"text\" name=\"segmento\" \/><\/span>\n\t<\/div>\n<\/div>\n<div class=\"qodef-cf7-columns\">\n\t<div class=\"qodef-input-holder\">\n\t\t<span class=\"wpcf7-form-control-wrap\" data-name=\"whatsapp\"><input size=\"40\" maxlength=\"400\" class=\"wpcf7-form-control wpcf7-tel wpcf7-validates-as-required wpcf7-text wpcf7-validates-as-tel phone\" aria-required=\"true\" aria-invalid=\"false\" placeholder=\"Seu WhatsApp *\" value=\"\" type=\"tel\" name=\"whatsapp\" \/><\/span>\n\t<\/div>\n\t<div class=\"qodef-input-holder\">\n\t\t<span class=\"wpcf7-form-control-wrap\" data-name=\"email\"><input size=\"40\" maxlength=\"400\" class=\"wpcf7-form-control wpcf7-email wpcf7-validates-as-required wpcf7-text wpcf7-validates-as-email\" aria-required=\"true\" aria-invalid=\"false\" placeholder=\"Seu E-mail *\" value=\"\" type=\"email\" name=\"email\" \/><\/span>\n\t<\/div>\n<\/div>\n\n<div class=\"qodef-input-holder\">\n\n<span class=\"wpcf7-form-control-wrap\" data-name=\"mensagem\"><textarea cols=\"40\" rows=\"5\" maxlength=\"2000\" class=\"wpcf7-form-control wpcf7-textarea wpcf7-validates-as-required\" aria-required=\"true\" aria-invalid=\"false\" placeholder=\"Sua Mensagem *\" name=\"mensagem\"><\/textarea><\/span>\n\n<\/div>\n\n<button class=\"wpcf7-form-control wpcf7-submit qodef-button qodef-size--normal qodef-layout--filled qodef-m\" type=\"submit\"><span class=\"qodef-m-text\">Enviar...<\/span><span class=\"qodef-m-arrow\"><svg class=\"qodef-svg--button-arrow\" xmlns=\"http:\/\/www.w3.org\/2000\/svg\" width=\"10\" height=\"10\" viewBox=\"0 0 9.8 9.8\"><g><path d=\"m.4 9.4 9-9\"\/><path d=\"M.4.5h8.9\"\/><path d=\"M9.3 9.4V.5\"\/><\/g><g><path d=\"m.4 9.4 9-9\"\/><path d=\"M.4.5h8.9\"\/><path d=\"M9.3 9.4V.5\"\/><\/g><\/svg><\/span><\/button>\n\n<\/div><div class=\"wpcf7-response-output\" aria-hidden=\"true\"><\/div>\n<\/form>\n<\/div>\n\t\t\t<\/div>\n\t\t\t\t\t\t\t<\/div>\n\t\t\t\t<\/div>\n\t\t\t\t\t<\/div>\n\t\t<\/div>\n\t\t\t\t\t<\/div>\n\t\t<\/section>\n\t\t\t\t<\/div>\n\t\t","protected":false},"excerpt":{"rendered":"<p>Existe um m\u00e9todo cient\u00edfico para que sua empresa acelere o fluxo operacional, garantindo lucro e satisfa\u00e7\u00e3o dos clientes. Sua empresa est\u00e1 enfrentando desafios nas \u00e1reas de Vendas, Opera\u00e7\u00f5es e Tecnologia? Fale com um especialista da Tailor Advisory. Nosso diagn\u00f3stico de desempenho utiliza uma abordagem sist\u00eamica, que alinha l\u00f3gica de causa e efeito e an\u00e1lise de [&hellip;]<\/p>\n","protected":false},"author":1,"featured_media":0,"parent":0,"menu_order":0,"comment_status":"closed","ping_status":"closed","template":"page-full-width.php","meta":{"inline_featured_image":false,"footnotes":""},"class_list":["post-11374","page","type-page","status-publish","hentry"],"yoast_head":"<!-- This site is optimized with the Yoast SEO plugin v27.5 - https:\/\/yoast.com\/product\/yoast-seo-wordpress\/ -->\n<title>Diagn\u00f3stico - Tailor Advisory<\/title>\n<meta name=\"robots\" content=\"index, follow, max-snippet:-1, max-image-preview:large, max-video-preview:-1\" \/>\n<link rel=\"canonical\" href=\"https:\/\/tailoradvisory.com\/pt-br\/diagnostico\/\" \/>\n<meta property=\"og:locale\" content=\"pt_BR\" \/>\n<meta property=\"og:type\" content=\"article\" \/>\n<meta property=\"og:title\" content=\"Diagn\u00f3stico - Tailor Advisory\" \/>\n<meta property=\"og:description\" content=\"Existe um m\u00e9todo cient\u00edfico para que sua empresa acelere o fluxo operacional, garantindo lucro e satisfa\u00e7\u00e3o dos clientes. Sua empresa est\u00e1 enfrentando desafios nas \u00e1reas de Vendas, Opera\u00e7\u00f5es e Tecnologia? Fale com um especialista da Tailor Advisory. Nosso diagn\u00f3stico de desempenho utiliza uma abordagem sist\u00eamica, que alinha l\u00f3gica de causa e efeito e an\u00e1lise de [&hellip;]\" \/>\n<meta property=\"og:url\" content=\"https:\/\/tailoradvisory.com\/pt-br\/diagnostico\/\" \/>\n<meta property=\"og:site_name\" content=\"Tailor Advisory\" \/>\n<meta property=\"article:modified_time\" content=\"2025-12-01T16:24:49+00:00\" \/>\n<meta property=\"og:image\" content=\"https:\/\/tailoradvisory.com\/wp-content\/uploads\/2024\/02\/selo_preto_3.png\" \/>\n\t<meta property=\"og:image:width\" content=\"2084\" \/>\n\t<meta property=\"og:image:height\" content=\"2085\" \/>\n\t<meta property=\"og:image:type\" content=\"image\/png\" \/>\n<meta name=\"twitter:card\" content=\"summary_large_image\" \/>\n<meta name=\"twitter:label1\" content=\"Est. tempo de leitura\" \/>\n\t<meta name=\"twitter:data1\" content=\"2 minutos\" \/>\n<script type=\"application\/ld+json\" class=\"yoast-schema-graph\">{\"@context\":\"https:\\\/\\\/schema.org\",\"@graph\":[{\"@type\":\"WebPage\",\"@id\":\"https:\\\/\\\/tailoradvisory.com\\\/pt-br\\\/diagnostico\\\/\",\"url\":\"https:\\\/\\\/tailoradvisory.com\\\/pt-br\\\/diagnostico\\\/\",\"name\":\"Diagn\u00f3stico - Tailor Advisory\",\"isPartOf\":{\"@id\":\"https:\\\/\\\/tailoradvisory.com\\\/pt-br\\\/#website\"},\"primaryImageOfPage\":{\"@id\":\"https:\\\/\\\/tailoradvisory.com\\\/pt-br\\\/diagnostico\\\/#primaryimage\"},\"image\":{\"@id\":\"https:\\\/\\\/tailoradvisory.com\\\/pt-br\\\/diagnostico\\\/#primaryimage\"},\"thumbnailUrl\":\"https:\\\/\\\/tailoradvisory.com\\\/wp-content\\\/uploads\\\/2024\\\/02\\\/selo_preto_3-1024x1024.png\",\"datePublished\":\"2024-02-15T01:30:36+00:00\",\"dateModified\":\"2025-12-01T16:24:49+00:00\",\"breadcrumb\":{\"@id\":\"https:\\\/\\\/tailoradvisory.com\\\/pt-br\\\/diagnostico\\\/#breadcrumb\"},\"inLanguage\":\"pt-BR\",\"potentialAction\":[{\"@type\":\"ReadAction\",\"target\":[\"https:\\\/\\\/tailoradvisory.com\\\/pt-br\\\/diagnostico\\\/\"]}]},{\"@type\":\"ImageObject\",\"inLanguage\":\"pt-BR\",\"@id\":\"https:\\\/\\\/tailoradvisory.com\\\/pt-br\\\/diagnostico\\\/#primaryimage\",\"url\":\"https:\\\/\\\/tailoradvisory.com\\\/wp-content\\\/uploads\\\/2024\\\/02\\\/selo_preto_3-1024x1024.png\",\"contentUrl\":\"https:\\\/\\\/tailoradvisory.com\\\/wp-content\\\/uploads\\\/2024\\\/02\\\/selo_preto_3-1024x1024.png\"},{\"@type\":\"BreadcrumbList\",\"@id\":\"https:\\\/\\\/tailoradvisory.com\\\/pt-br\\\/diagnostico\\\/#breadcrumb\",\"itemListElement\":[{\"@type\":\"ListItem\",\"position\":1,\"name\":\"In\u00edcio\",\"item\":\"https:\\\/\\\/tailoradvisory.com\\\/pt-br\\\/\"},{\"@type\":\"ListItem\",\"position\":2,\"name\":\"Diagn\u00f3stico\"}]},{\"@type\":\"WebSite\",\"@id\":\"https:\\\/\\\/tailoradvisory.com\\\/pt-br\\\/#website\",\"url\":\"https:\\\/\\\/tailoradvisory.com\\\/pt-br\\\/\",\"name\":\"Tailor Advisory\",\"description\":\"Gest\u00e3o operacional para aumentar o ganho!\",\"publisher\":{\"@id\":\"https:\\\/\\\/tailoradvisory.com\\\/pt-br\\\/#organization\"},\"potentialAction\":[{\"@type\":\"SearchAction\",\"target\":{\"@type\":\"EntryPoint\",\"urlTemplate\":\"https:\\\/\\\/tailoradvisory.com\\\/pt-br\\\/?s={search_term_string}\"},\"query-input\":{\"@type\":\"PropertyValueSpecification\",\"valueRequired\":true,\"valueName\":\"search_term_string\"}}],\"inLanguage\":\"pt-BR\"},{\"@type\":\"Organization\",\"@id\":\"https:\\\/\\\/tailoradvisory.com\\\/pt-br\\\/#organization\",\"name\":\"Tailor Advisory\",\"url\":\"https:\\\/\\\/tailoradvisory.com\\\/pt-br\\\/\",\"logo\":{\"@type\":\"ImageObject\",\"inLanguage\":\"pt-BR\",\"@id\":\"https:\\\/\\\/tailoradvisory.com\\\/pt-br\\\/#\\\/schema\\\/logo\\\/image\\\/\",\"url\":\"https:\\\/\\\/tailoradvisory.com\\\/wp-content\\\/uploads\\\/2024\\\/02\\\/logo_site-scaled.jpg\",\"contentUrl\":\"https:\\\/\\\/tailoradvisory.com\\\/wp-content\\\/uploads\\\/2024\\\/02\\\/logo_site-scaled.jpg\",\"width\":2560,\"height\":1767,\"caption\":\"Tailor Advisory\"},\"image\":{\"@id\":\"https:\\\/\\\/tailoradvisory.com\\\/pt-br\\\/#\\\/schema\\\/logo\\\/image\\\/\"},\"sameAs\":[\"https:\\\/\\\/www.linkedin.com\\\/company\\\/tailor-advisory-ops\\\/\"]}]}<\/script>\n<!-- \/ Yoast SEO plugin. -->","yoast_head_json":{"title":"Diagn\u00f3stico - Tailor Advisory","robots":{"index":"index","follow":"follow","max-snippet":"max-snippet:-1","max-image-preview":"max-image-preview:large","max-video-preview":"max-video-preview:-1"},"canonical":"https:\/\/tailoradvisory.com\/pt-br\/diagnostico\/","og_locale":"pt_BR","og_type":"article","og_title":"Diagn\u00f3stico - Tailor Advisory","og_description":"Existe um m\u00e9todo cient\u00edfico para que sua empresa acelere o fluxo operacional, garantindo lucro e satisfa\u00e7\u00e3o dos clientes. Sua empresa est\u00e1 enfrentando desafios nas \u00e1reas de Vendas, Opera\u00e7\u00f5es e Tecnologia? Fale com um especialista da Tailor Advisory. Nosso diagn\u00f3stico de desempenho utiliza uma abordagem sist\u00eamica, que alinha l\u00f3gica de causa e efeito e an\u00e1lise de [&hellip;]","og_url":"https:\/\/tailoradvisory.com\/pt-br\/diagnostico\/","og_site_name":"Tailor Advisory","article_modified_time":"2025-12-01T16:24:49+00:00","og_image":[{"width":2084,"height":2085,"url":"https:\/\/tailoradvisory.com\/wp-content\/uploads\/2024\/02\/selo_preto_3.png","type":"image\/png"}],"twitter_card":"summary_large_image","twitter_misc":{"Est. tempo de leitura":"2 minutos"},"schema":{"@context":"https:\/\/schema.org","@graph":[{"@type":"WebPage","@id":"https:\/\/tailoradvisory.com\/pt-br\/diagnostico\/","url":"https:\/\/tailoradvisory.com\/pt-br\/diagnostico\/","name":"Diagn\u00f3stico - Tailor Advisory","isPartOf":{"@id":"https:\/\/tailoradvisory.com\/pt-br\/#website"},"primaryImageOfPage":{"@id":"https:\/\/tailoradvisory.com\/pt-br\/diagnostico\/#primaryimage"},"image":{"@id":"https:\/\/tailoradvisory.com\/pt-br\/diagnostico\/#primaryimage"},"thumbnailUrl":"https:\/\/tailoradvisory.com\/wp-content\/uploads\/2024\/02\/selo_preto_3-1024x1024.png","datePublished":"2024-02-15T01:30:36+00:00","dateModified":"2025-12-01T16:24:49+00:00","breadcrumb":{"@id":"https:\/\/tailoradvisory.com\/pt-br\/diagnostico\/#breadcrumb"},"inLanguage":"pt-BR","potentialAction":[{"@type":"ReadAction","target":["https:\/\/tailoradvisory.com\/pt-br\/diagnostico\/"]}]},{"@type":"ImageObject","inLanguage":"pt-BR","@id":"https:\/\/tailoradvisory.com\/pt-br\/diagnostico\/#primaryimage","url":"https:\/\/tailoradvisory.com\/wp-content\/uploads\/2024\/02\/selo_preto_3-1024x1024.png","contentUrl":"https:\/\/tailoradvisory.com\/wp-content\/uploads\/2024\/02\/selo_preto_3-1024x1024.png"},{"@type":"BreadcrumbList","@id":"https:\/\/tailoradvisory.com\/pt-br\/diagnostico\/#breadcrumb","itemListElement":[{"@type":"ListItem","position":1,"name":"In\u00edcio","item":"https:\/\/tailoradvisory.com\/pt-br\/"},{"@type":"ListItem","position":2,"name":"Diagn\u00f3stico"}]},{"@type":"WebSite","@id":"https:\/\/tailoradvisory.com\/pt-br\/#website","url":"https:\/\/tailoradvisory.com\/pt-br\/","name":"Tailor Advisory","description":"Gest\u00e3o operacional para aumentar o ganho!","publisher":{"@id":"https:\/\/tailoradvisory.com\/pt-br\/#organization"},"potentialAction":[{"@type":"SearchAction","target":{"@type":"EntryPoint","urlTemplate":"https:\/\/tailoradvisory.com\/pt-br\/?s={search_term_string}"},"query-input":{"@type":"PropertyValueSpecification","valueRequired":true,"valueName":"search_term_string"}}],"inLanguage":"pt-BR"},{"@type":"Organization","@id":"https:\/\/tailoradvisory.com\/pt-br\/#organization","name":"Tailor Advisory","url":"https:\/\/tailoradvisory.com\/pt-br\/","logo":{"@type":"ImageObject","inLanguage":"pt-BR","@id":"https:\/\/tailoradvisory.com\/pt-br\/#\/schema\/logo\/image\/","url":"https:\/\/tailoradvisory.com\/wp-content\/uploads\/2024\/02\/logo_site-scaled.jpg","contentUrl":"https:\/\/tailoradvisory.com\/wp-content\/uploads\/2024\/02\/logo_site-scaled.jpg","width":2560,"height":1767,"caption":"Tailor Advisory"},"image":{"@id":"https:\/\/tailoradvisory.com\/pt-br\/#\/schema\/logo\/image\/"},"sameAs":["https:\/\/www.linkedin.com\/company\/tailor-advisory-ops\/"]}]}},"_links":{"self":[{"href":"https:\/\/tailoradvisory.com\/pt-br\/wp-json\/wp\/v2\/pages\/11374","targetHints":{"allow":["GET"]}}],"collection":[{"href":"https:\/\/tailoradvisory.com\/pt-br\/wp-json\/wp\/v2\/pages"}],"about":[{"href":"https:\/\/tailoradvisory.com\/pt-br\/wp-json\/wp\/v2\/types\/page"}],"author":[{"embeddable":true,"href":"https:\/\/tailoradvisory.com\/pt-br\/wp-json\/wp\/v2\/users\/1"}],"replies":[{"embeddable":true,"href":"https:\/\/tailoradvisory.com\/pt-br\/wp-json\/wp\/v2\/comments?post=11374"}],"version-history":[{"count":163,"href":"https:\/\/tailoradvisory.com\/pt-br\/wp-json\/wp\/v2\/pages\/11374\/revisions"}],"predecessor-version":[{"id":12802,"href":"https:\/\/tailoradvisory.com\/pt-br\/wp-json\/wp\/v2\/pages\/11374\/revisions\/12802"}],"wp:attachment":[{"href":"https:\/\/tailoradvisory.com\/pt-br\/wp-json\/wp\/v2\/media?parent=11374"}],"curies":[{"name":"wp","href":"https:\/\/api.w.org\/{rel}","templated":true}]}}