{"id":12690,"date":"2023-02-06T22:59:05","date_gmt":"2023-02-07T01:59:05","guid":{"rendered":"https:\/\/tailoradvisory.com\/articles\/"},"modified":"2025-12-01T15:53:20","modified_gmt":"2025-12-01T18:53:20","slug":"articles","status":"publish","type":"page","link":"https:\/\/tailoradvisory.com\/en\/articles\/","title":{"rendered":"Articles"},"content":{"rendered":"\t\t<div data-elementor-type=\"wp-page\" data-elementor-id=\"12690\" class=\"elementor elementor-12690 elementor-5590\">\n\t\t\t\t<div class=\"elementor-element elementor-element-6714df7 e-con-full e-flex e-con e-parent\" data-id=\"6714df7\" data-element_type=\"container\" data-e-type=\"container\">\n\t\t<div class=\"elementor-element elementor-element-a738808 e-con-full e-flex e-con e-child\" data-id=\"a738808\" data-element_type=\"container\" data-e-type=\"container\">\n\t\t\t\t<div class=\"elementor-element elementor-element-795a264 elementor-widget elementor-widget-qi_addons_for_elementor_blog_list\" data-id=\"795a264\" data-element_type=\"widget\" data-e-type=\"widget\" data-widget_type=\"qi_addons_for_elementor_blog_list.default\">\n\t\t\t\t<div class=\"elementor-widget-container\">\n\t\t\t\t\t<div class=\"qodef-shortcode qodef-m qodef-addons-blog-list qodef-info-no-icons qodef-image--hover-zoom qodef-qi-grid qodef-layout--qi-columns qodef-col-num--1 qodef-item-layout--boxed qodef-responsive--predefined\" >\n\t<div class=\"qodef-grid-inner\">\n\t\t<p class=\"qodef-m-posts-not-found qodef-grid-item\">No posts were found for provided query parameters.<\/p>\n\t<\/div>\n\t<\/div>\n\t\t\t\t<\/div>\n\t\t\t\t<\/div>\n\t\t\t\t<\/div>\n\t\t<div class=\"elementor-element elementor-element-8641ddb e-flex e-con-boxed e-con e-child\" data-id=\"8641ddb\" data-element_type=\"container\" data-e-type=\"container\">\n\t\t\t\t\t<div class=\"e-con-inner\">\n\t\t\t\t<div class=\"elementor-element elementor-element-b62e745 elementor-widget elementor-widget-sidebar\" data-id=\"b62e745\" data-element_type=\"widget\" data-e-type=\"widget\" data-widget_type=\"sidebar.default\">\n\t\t\t\t<div class=\"elementor-widget-container\">\n\t\t\t\t\t<div id=\"leroux_core_title_widget-16\" class=\"widget widget_leroux_core_title_widget\" data-area=\"qodef-main-sidebar\">\t\t\t\t\t\t\t<h4 class=\"qodef-widget-title\" >\n\t\t\t\tSearch the site:\t\t\t\t<\/h4>\n\t\t\t\t\t\t<\/div><div id=\"block-79\" class=\"widget widget_block widget_search\" data-area=\"qodef-main-sidebar\"><form role=\"search\" method=\"get\" class=\"wp-block-search__button-inside wp-block-search__icon-button qodef-search-form wp-block-search\" action=\"https:\/\/tailoradvisory.com\/en\/\"><label for=\"qodef-search-form-1\" class=\"qodef-search-form-label screen-reader-text\">Search<\/label><div class=\"qodef-search-form-inner \"><input type=\"search\" id=\"qodef-search-form-1\" class=\"qodef-search-form-field \" name=\"s\" value=\"\" placeholder=\"Type here\"  required \/><button type=\"submit\" class=\"qodef-search-form-button  qodef--button-inside qodef--has-icon\" ><svg class=\"qodef-svg--search\" height=\"18\" width=\"18\" xmlns=\"http:\/\/www.w3.org\/2000\/svg\" viewBox=\"0 0 18 18\"><circle cx=\"6.9\" cy=\"7\" r=\"6.3\"\/><path d=\"m11.2 11.1 6.1 6.2\"\/><\/svg><\/button><\/div><\/form><\/div><div id=\"leroux_core_separator-11\" class=\"widget widget_leroux_core_separator\" data-area=\"qodef-main-sidebar\"><div class=\"qodef-shortcode qodef-m  qodef-separator clear  \">\t<div class=\"qodef-m-line\" style=\"border-color: #ffffff00;border-bottom-width: 0px;margin-top: 0px;margin-bottom: 33px\"><\/div><\/div><\/div><div id=\"leroux_core_title_widget-17\" class=\"widget widget_leroux_core_title_widget\" data-area=\"qodef-main-sidebar\">\t\t\t\t\t\t\t<h5 class=\"qodef-widget-title\" >\n\t\t\t\tCategories\t\t\t\t<\/h5>\n\t\t\t\t\t\t<\/div><div id=\"block-58\" class=\"widget widget_block widget_categories\" data-area=\"qodef-main-sidebar\"><ul class=\"wp-block-categories-list wp-block-categories\"><li class=\"cat-item-none\">No categories<\/li><\/ul><\/div><div id=\"leroux_core_separator-13\" class=\"widget widget_leroux_core_separator\" data-area=\"qodef-main-sidebar\"><div class=\"qodef-shortcode qodef-m  qodef-separator clear  \">\t<div class=\"qodef-m-line\" style=\"border-color: #ffffff00;border-bottom-width: 0px;margin-top: 0px;margin-bottom: 26px\"><\/div><\/div><\/div><div id=\"leroux_core_title_widget-18\" class=\"widget widget_leroux_core_title_widget\" data-area=\"qodef-main-sidebar\">\t\t\t\t\t\t\t<h4 class=\"qodef-widget-title\" >\n\t\t\t\tLatest Posts\t\t\t\t<\/h4>\n\t\t\t\t\t\t<\/div><div id=\"leroux_core_blog_list-3\" class=\"widget widget_leroux_core_blog_list\" data-area=\"qodef-main-sidebar\"><div class=\"qodef-shortcode qodef-m  qodef-blog qodef-item-layout--side-by-side   qodef-grid qodef-layout--columns   qodef-vertical-gutter--small qodef-col-num--1 qodef-item-layout--side-by-side qodef-pagination--off qodef-responsive--predefined qodef-swiper--show-pagination\" data-options=\"{&quot;plugin&quot;:&quot;leroux_core&quot;,&quot;module&quot;:&quot;blog\\\/shortcodes&quot;,&quot;shortcode&quot;:&quot;blog-list&quot;,&quot;post_type&quot;:&quot;post&quot;,&quot;next_page&quot;:&quot;2&quot;,&quot;behavior&quot;:&quot;columns&quot;,&quot;images_proportion&quot;:&quot;custom&quot;,&quot;custom_image_width&quot;:&quot;123&quot;,&quot;custom_image_height&quot;:&quot;107&quot;,&quot;columns&quot;:&quot;1&quot;,&quot;columns_responsive&quot;:&quot;predefined&quot;,&quot;columns_1440&quot;:&quot;3&quot;,&quot;columns_1366&quot;:&quot;3&quot;,&quot;columns_1024&quot;:&quot;3&quot;,&quot;columns_768&quot;:&quot;3&quot;,&quot;columns_680&quot;:&quot;3&quot;,&quot;columns_480&quot;:&quot;3&quot;,&quot;vertical_space&quot;:&quot;small&quot;,&quot;posts_per_page&quot;:&quot;3&quot;,&quot;orderby&quot;:&quot;date&quot;,&quot;order&quot;:&quot;DESC&quot;,&quot;tax&quot;:&quot;category&quot;,&quot;layout&quot;:&quot;side-by-side&quot;,&quot;title_tag&quot;:&quot;h6&quot;,&quot;disable_button&quot;:&quot;no&quot;,&quot;enable_borders&quot;:&quot;no&quot;,&quot;is_widget_element&quot;:&quot;yes&quot;,&quot;enable_filter&quot;:&quot;no&quot;,&quot;pagination_type&quot;:&quot;no-pagination&quot;,&quot;object_class_name&quot;:&quot;LerouxCore_Blog_List_Shortcode&quot;,&quot;taxonomy_filter&quot;:&quot;category&quot;}\">\t\t<div class=\"qodef-grid-inner\">\t\t<p class=\"qodef-m-posts-not-found qodef-grid-item\">No posts were found for provided query parameters.<\/p>\t<\/div>\t<\/div><\/div><div id=\"leroux_core_separator-15\" class=\"widget widget_leroux_core_separator\" data-area=\"qodef-main-sidebar\"><div class=\"qodef-shortcode qodef-m  qodef-separator clear  \">\t<div class=\"qodef-m-line\" style=\"border-color: #ffffff00;border-bottom-width: 0px;margin-top: 0px;margin-bottom: 30px\"><\/div><\/div><\/div><div id=\"leroux_core_separator-17\" class=\"widget widget_leroux_core_separator\" data-area=\"qodef-main-sidebar\"><div class=\"qodef-shortcode qodef-m  qodef-separator clear  \">\t<div class=\"qodef-m-line\" style=\"border-color: #ffffff00;border-bottom-width: 0px;margin-top: 0px;margin-bottom: 13px\"><\/div><\/div><\/div><div id=\"leroux_core_title_widget-11\" class=\"widget widget_leroux_core_title_widget\" data-area=\"qodef-main-sidebar\">\t\t\t\t\t\t\t<h5 class=\"qodef-widget-title\" style=\"margin-bottom: 13px\">\n\t\t\t\tTags\t\t\t\t<\/h5>\n\t\t\t\t\t\t<\/div><div id=\"block-60\" class=\"widget widget_block widget_tag_cloud\" data-area=\"qodef-main-sidebar\"><p class=\"wp-block-tag-cloud\">There&#8217;s no content to show here yet.<\/p><\/div>\t\t\t\t<\/div>\n\t\t\t\t<\/div>\n\t\t\t\t\t<\/div>\n\t\t\t\t<\/div>\n\t\t\t\t<\/div>\n\t\t\t\t<\/div>\n\t\t","protected":false},"excerpt":{"rendered":"<p>1 abr Atendimento ao ClienteGest\u00e3o EmpresarialQualidade e Melhoria Cont\u00ednua Tiago Lima \u201cQualidade total\u201d (TQM) e os resultados insatisfat\u00f3rios Por que o progresso \u00e9 t\u00e3o lento e doloroso, mesmo utilizando ferramentas conhecidas no meio empresarial? Me refiro aos \u201cjarg\u00f5es\u201d como: qualidade total, qualidade assegura Read article&#8230; 24 fev Comportamento OrganizacionalGest\u00e3o da Mudan\u00e7aLideran\u00e7a TransformadoraReflex\u00f5es de ConsultoriaTransforma\u00e7\u00e3o Organizacional [&hellip;]<\/p>\n","protected":false},"author":1,"featured_media":0,"parent":0,"menu_order":0,"comment_status":"closed","ping_status":"closed","template":"","meta":{"inline_featured_image":false,"footnotes":""},"class_list":["post-12690","page","type-page","status-publish","hentry"],"yoast_head":"<!-- This site is optimized with the Yoast SEO plugin v27.5 - https:\/\/yoast.com\/product\/yoast-seo-wordpress\/ -->\n<title>Articles - Tailor Advisory<\/title>\n<meta name=\"robots\" content=\"index, follow, max-snippet:-1, max-image-preview:large, max-video-preview:-1\" \/>\n<link rel=\"canonical\" href=\"https:\/\/tailoradvisory.com\/en\/articles\/\" \/>\n<meta property=\"og:locale\" content=\"en_US\" \/>\n<meta property=\"og:type\" content=\"article\" \/>\n<meta property=\"og:title\" content=\"Articles - Tailor Advisory\" \/>\n<meta property=\"og:description\" content=\"1 abr Atendimento ao ClienteGest\u00e3o EmpresarialQualidade e Melhoria Cont\u00ednua Tiago Lima \u201cQualidade total\u201d (TQM) e os resultados insatisfat\u00f3rios Por que o progresso \u00e9 t\u00e3o lento e doloroso, mesmo utilizando ferramentas conhecidas no meio empresarial? Me refiro aos \u201cjarg\u00f5es\u201d como: qualidade total, qualidade assegura Read article&#8230; 24 fev Comportamento OrganizacionalGest\u00e3o da Mudan\u00e7aLideran\u00e7a TransformadoraReflex\u00f5es de ConsultoriaTransforma\u00e7\u00e3o Organizacional [&hellip;]\" \/>\n<meta property=\"og:url\" content=\"https:\/\/tailoradvisory.com\/en\/articles\/\" \/>\n<meta property=\"og:site_name\" content=\"Tailor Advisory\" \/>\n<meta property=\"article:modified_time\" content=\"2025-12-01T18:53:20+00:00\" \/>\n<meta property=\"og:image\" content=\"https:\/\/tailoradvisory.com\/wp-content\/uploads\/2024\/04\/poe_original_edited_bigger.jpg\" \/>\n<meta name=\"twitter:card\" content=\"summary_large_image\" \/>\n<script type=\"application\/ld+json\" class=\"yoast-schema-graph\">{\"@context\":\"https:\\\/\\\/schema.org\",\"@graph\":[{\"@type\":\"WebPage\",\"@id\":\"https:\\\/\\\/tailoradvisory.com\\\/en\\\/articles\\\/\",\"url\":\"https:\\\/\\\/tailoradvisory.com\\\/en\\\/articles\\\/\",\"name\":\"Articles - Tailor Advisory\",\"isPartOf\":{\"@id\":\"https:\\\/\\\/tailoradvisory.com\\\/en\\\/#website\"},\"primaryImageOfPage\":{\"@id\":\"https:\\\/\\\/tailoradvisory.com\\\/en\\\/articles\\\/#primaryimage\"},\"image\":{\"@id\":\"https:\\\/\\\/tailoradvisory.com\\\/en\\\/articles\\\/#primaryimage\"},\"thumbnailUrl\":\"https:\\\/\\\/tailoradvisory.com\\\/wp-content\\\/uploads\\\/2024\\\/04\\\/poe_original_edited_bigger.jpg\",\"datePublished\":\"2023-02-07T01:59:05+00:00\",\"dateModified\":\"2025-12-01T18:53:20+00:00\",\"breadcrumb\":{\"@id\":\"https:\\\/\\\/tailoradvisory.com\\\/en\\\/articles\\\/#breadcrumb\"},\"inLanguage\":\"en-US\",\"potentialAction\":[{\"@type\":\"ReadAction\",\"target\":[\"https:\\\/\\\/tailoradvisory.com\\\/en\\\/articles\\\/\"]}]},{\"@type\":\"ImageObject\",\"inLanguage\":\"en-US\",\"@id\":\"https:\\\/\\\/tailoradvisory.com\\\/en\\\/articles\\\/#primaryimage\",\"url\":\"https:\\\/\\\/tailoradvisory.com\\\/wp-content\\\/uploads\\\/2024\\\/04\\\/poe_original_edited_bigger.jpg\",\"contentUrl\":\"https:\\\/\\\/tailoradvisory.com\\\/wp-content\\\/uploads\\\/2024\\\/04\\\/poe_original_edited_bigger.jpg\"},{\"@type\":\"BreadcrumbList\",\"@id\":\"https:\\\/\\\/tailoradvisory.com\\\/en\\\/articles\\\/#breadcrumb\",\"itemListElement\":[{\"@type\":\"ListItem\",\"position\":1,\"name\":\"In\u00edcio\",\"item\":\"https:\\\/\\\/tailoradvisory.com\\\/en\\\/\"},{\"@type\":\"ListItem\",\"position\":2,\"name\":\"Articles\"}]},{\"@type\":\"WebSite\",\"@id\":\"https:\\\/\\\/tailoradvisory.com\\\/en\\\/#website\",\"url\":\"https:\\\/\\\/tailoradvisory.com\\\/en\\\/\",\"name\":\"Tailor Advisory\",\"description\":\"Gest\u00e3o operacional para aumentar o ganho!\",\"publisher\":{\"@id\":\"https:\\\/\\\/tailoradvisory.com\\\/en\\\/#organization\"},\"potentialAction\":[{\"@type\":\"SearchAction\",\"target\":{\"@type\":\"EntryPoint\",\"urlTemplate\":\"https:\\\/\\\/tailoradvisory.com\\\/en\\\/?s={search_term_string}\"},\"query-input\":{\"@type\":\"PropertyValueSpecification\",\"valueRequired\":true,\"valueName\":\"search_term_string\"}}],\"inLanguage\":\"en-US\"},{\"@type\":\"Organization\",\"@id\":\"https:\\\/\\\/tailoradvisory.com\\\/en\\\/#organization\",\"name\":\"Tailor Advisory\",\"url\":\"https:\\\/\\\/tailoradvisory.com\\\/en\\\/\",\"logo\":{\"@type\":\"ImageObject\",\"inLanguage\":\"en-US\",\"@id\":\"https:\\\/\\\/tailoradvisory.com\\\/en\\\/#\\\/schema\\\/logo\\\/image\\\/\",\"url\":\"https:\\\/\\\/tailoradvisory.com\\\/wp-content\\\/uploads\\\/2024\\\/02\\\/logo_site-scaled.jpg\",\"contentUrl\":\"https:\\\/\\\/tailoradvisory.com\\\/wp-content\\\/uploads\\\/2024\\\/02\\\/logo_site-scaled.jpg\",\"width\":2560,\"height\":1767,\"caption\":\"Tailor Advisory\"},\"image\":{\"@id\":\"https:\\\/\\\/tailoradvisory.com\\\/en\\\/#\\\/schema\\\/logo\\\/image\\\/\"},\"sameAs\":[\"https:\\\/\\\/www.linkedin.com\\\/company\\\/tailor-advisory-ops\\\/\"]}]}<\/script>\n<!-- \/ Yoast SEO plugin. -->","yoast_head_json":{"title":"Articles - Tailor Advisory","robots":{"index":"index","follow":"follow","max-snippet":"max-snippet:-1","max-image-preview":"max-image-preview:large","max-video-preview":"max-video-preview:-1"},"canonical":"https:\/\/tailoradvisory.com\/en\/articles\/","og_locale":"en_US","og_type":"article","og_title":"Articles - Tailor Advisory","og_description":"1 abr Atendimento ao ClienteGest\u00e3o EmpresarialQualidade e Melhoria Cont\u00ednua Tiago Lima \u201cQualidade total\u201d (TQM) e os resultados insatisfat\u00f3rios Por que o progresso \u00e9 t\u00e3o lento e doloroso, mesmo utilizando ferramentas conhecidas no meio empresarial? Me refiro aos \u201cjarg\u00f5es\u201d como: qualidade total, qualidade assegura Read article&#8230; 24 fev Comportamento OrganizacionalGest\u00e3o da Mudan\u00e7aLideran\u00e7a TransformadoraReflex\u00f5es de ConsultoriaTransforma\u00e7\u00e3o Organizacional [&hellip;]","og_url":"https:\/\/tailoradvisory.com\/en\/articles\/","og_site_name":"Tailor Advisory","article_modified_time":"2025-12-01T18:53:20+00:00","og_image":[{"url":"https:\/\/tailoradvisory.com\/wp-content\/uploads\/2024\/04\/poe_original_edited_bigger.jpg","type":"","width":"","height":""}],"twitter_card":"summary_large_image","schema":{"@context":"https:\/\/schema.org","@graph":[{"@type":"WebPage","@id":"https:\/\/tailoradvisory.com\/en\/articles\/","url":"https:\/\/tailoradvisory.com\/en\/articles\/","name":"Articles - Tailor Advisory","isPartOf":{"@id":"https:\/\/tailoradvisory.com\/en\/#website"},"primaryImageOfPage":{"@id":"https:\/\/tailoradvisory.com\/en\/articles\/#primaryimage"},"image":{"@id":"https:\/\/tailoradvisory.com\/en\/articles\/#primaryimage"},"thumbnailUrl":"https:\/\/tailoradvisory.com\/wp-content\/uploads\/2024\/04\/poe_original_edited_bigger.jpg","datePublished":"2023-02-07T01:59:05+00:00","dateModified":"2025-12-01T18:53:20+00:00","breadcrumb":{"@id":"https:\/\/tailoradvisory.com\/en\/articles\/#breadcrumb"},"inLanguage":"en-US","potentialAction":[{"@type":"ReadAction","target":["https:\/\/tailoradvisory.com\/en\/articles\/"]}]},{"@type":"ImageObject","inLanguage":"en-US","@id":"https:\/\/tailoradvisory.com\/en\/articles\/#primaryimage","url":"https:\/\/tailoradvisory.com\/wp-content\/uploads\/2024\/04\/poe_original_edited_bigger.jpg","contentUrl":"https:\/\/tailoradvisory.com\/wp-content\/uploads\/2024\/04\/poe_original_edited_bigger.jpg"},{"@type":"BreadcrumbList","@id":"https:\/\/tailoradvisory.com\/en\/articles\/#breadcrumb","itemListElement":[{"@type":"ListItem","position":1,"name":"In\u00edcio","item":"https:\/\/tailoradvisory.com\/en\/"},{"@type":"ListItem","position":2,"name":"Articles"}]},{"@type":"WebSite","@id":"https:\/\/tailoradvisory.com\/en\/#website","url":"https:\/\/tailoradvisory.com\/en\/","name":"Tailor Advisory","description":"Gest\u00e3o operacional para aumentar o ganho!","publisher":{"@id":"https:\/\/tailoradvisory.com\/en\/#organization"},"potentialAction":[{"@type":"SearchAction","target":{"@type":"EntryPoint","urlTemplate":"https:\/\/tailoradvisory.com\/en\/?s={search_term_string}"},"query-input":{"@type":"PropertyValueSpecification","valueRequired":true,"valueName":"search_term_string"}}],"inLanguage":"en-US"},{"@type":"Organization","@id":"https:\/\/tailoradvisory.com\/en\/#organization","name":"Tailor Advisory","url":"https:\/\/tailoradvisory.com\/en\/","logo":{"@type":"ImageObject","inLanguage":"en-US","@id":"https:\/\/tailoradvisory.com\/en\/#\/schema\/logo\/image\/","url":"https:\/\/tailoradvisory.com\/wp-content\/uploads\/2024\/02\/logo_site-scaled.jpg","contentUrl":"https:\/\/tailoradvisory.com\/wp-content\/uploads\/2024\/02\/logo_site-scaled.jpg","width":2560,"height":1767,"caption":"Tailor Advisory"},"image":{"@id":"https:\/\/tailoradvisory.com\/en\/#\/schema\/logo\/image\/"},"sameAs":["https:\/\/www.linkedin.com\/company\/tailor-advisory-ops\/"]}]}},"_links":{"self":[{"href":"https:\/\/tailoradvisory.com\/en\/wp-json\/wp\/v2\/pages\/12690","targetHints":{"allow":["GET"]}}],"collection":[{"href":"https:\/\/tailoradvisory.com\/en\/wp-json\/wp\/v2\/pages"}],"about":[{"href":"https:\/\/tailoradvisory.com\/en\/wp-json\/wp\/v2\/types\/page"}],"author":[{"embeddable":true,"href":"https:\/\/tailoradvisory.com\/en\/wp-json\/wp\/v2\/users\/1"}],"replies":[{"embeddable":true,"href":"https:\/\/tailoradvisory.com\/en\/wp-json\/wp\/v2\/comments?post=12690"}],"version-history":[{"count":3,"href":"https:\/\/tailoradvisory.com\/en\/wp-json\/wp\/v2\/pages\/12690\/revisions"}],"predecessor-version":[{"id":12807,"href":"https:\/\/tailoradvisory.com\/en\/wp-json\/wp\/v2\/pages\/12690\/revisions\/12807"}],"wp:attachment":[{"href":"https:\/\/tailoradvisory.com\/en\/wp-json\/wp\/v2\/media?parent=12690"}],"curies":[{"name":"wp","href":"https:\/\/api.w.org\/{rel}","templated":true}]}}