{"id":12687,"date":"2023-12-19T18:25:56","date_gmt":"2023-12-19T21:25:56","guid":{"rendered":"https:\/\/tailoradvisory.com\/services-portfolio\/"},"modified":"2025-12-06T12:57:11","modified_gmt":"2025-12-06T15:57:11","slug":"services-portfolio","status":"publish","type":"page","link":"https:\/\/tailoradvisory.com\/en\/services-portfolio\/","title":{"rendered":"Services Portfolio"},"content":{"rendered":"\t\t<div data-elementor-type=\"wp-page\" data-elementor-id=\"12687\" class=\"elementor elementor-12687 elementor-11196\">\n\t\t\t\t<div class=\"elementor-element elementor-element-df1f4a6 e-con-full e-flex e-con e-parent\" data-id=\"df1f4a6\" data-element_type=\"container\" data-e-type=\"container\" data-settings=\"{&quot;background_background&quot;:&quot;classic&quot;}\">\n\t\t<div class=\"elementor-element elementor-element-5a4d3ab e-con-full e-flex e-con e-child\" data-id=\"5a4d3ab\" data-element_type=\"container\" data-e-type=\"container\" data-settings=\"{&quot;background_background&quot;:&quot;classic&quot;}\">\n\t\t\t\t<\/div>\n\t\t<div class=\"elementor-element elementor-element-7d8dddf e-con-full e-flex e-con e-child\" data-id=\"7d8dddf\" data-element_type=\"container\" data-e-type=\"container\">\n\t\t\t\t<div class=\"elementor-element elementor-element-add9ce4 elementor-widget elementor-widget-heading\" data-id=\"add9ce4\" data-element_type=\"widget\" data-e-type=\"widget\" data-widget_type=\"heading.default\">\n\t\t\t\t<div class=\"elementor-widget-container\">\n\t\t\t\t\t<h2 class=\"elementor-heading-title elementor-size-default\">Procurement<\/h2>\t\t\t\t<\/div>\n\t\t\t\t<\/div>\n\t\t\t\t<div class=\"elementor-element elementor-element-eddf13e elementor-widget elementor-widget-text-editor\" data-id=\"eddf13e\" data-element_type=\"widget\" data-e-type=\"widget\" data-widget_type=\"text-editor.default\">\n\t\t\t\t<div class=\"elementor-widget-container\">\n\t\t\t\t\t\t\t\t\t<ul class=\"texto_portfolio\">\n \t<li><span style=\"color: #f5f5f7;\">Re-design and Procurement Processess<\/span><\/li>\n \t<li><span style=\"color: #f5f5f7;\"><i>Strategic Sourcing<\/i><\/span><\/li>\n \t<li><span style=\"color: #f5f5f7;\">Spend <i>Analysis<\/i><\/span><\/li>\n \t<li><span style=\"color: #f5f5f7;\">Metrics, Indicators and Best Practices<\/span><\/li>\n \t<li><span style=\"color: #f5f5f7;\">Compliance, Risks and <i>Quality<\/i><\/span><\/li>\n \t<li><span style=\"color: #f5f5f7;\">Environmental, Social and Governance (<i>ESG<\/i>)<\/span><\/li>\n \t<li><span style=\"color: #f5f5f7;\">Service Level Agreement (<i>SLA<\/i>)<\/span><\/li>\n \t<li><span style=\"color: #f5f5f7;\">Make or Buy <i>Study<\/i><\/span><\/li>\n<\/ul>\t\t\t\t\t\t\t\t<\/div>\n\t\t\t\t<\/div>\n\t\t\t\t<\/div>\n\t\t\t\t<\/div>\n\t\t<div class=\"elementor-element elementor-element-dde83c2 e-con-full e-flex e-con e-parent\" data-id=\"dde83c2\" data-element_type=\"container\" data-e-type=\"container\" data-settings=\"{&quot;background_background&quot;:&quot;classic&quot;}\">\n\t\t<div class=\"elementor-element elementor-element-58ec0ca e-con-full e-flex e-con e-child\" data-id=\"58ec0ca\" data-element_type=\"container\" data-e-type=\"container\">\n\t\t<div class=\"elementor-element elementor-element-0f05392 e-flex e-con-boxed e-con e-child\" data-id=\"0f05392\" data-element_type=\"container\" data-e-type=\"container\">\n\t\t\t\t\t<div class=\"e-con-inner\">\n\t\t\t\t<div class=\"elementor-element elementor-element-2b6fb29 elementor-widget elementor-widget-heading\" data-id=\"2b6fb29\" data-element_type=\"widget\" data-e-type=\"widget\" data-widget_type=\"heading.default\">\n\t\t\t\t<div class=\"elementor-widget-container\">\n\t\t\t\t\t<h2 class=\"elementor-heading-title elementor-size-default\">Sales &amp; Operations<\/h2>\t\t\t\t<\/div>\n\t\t\t\t<\/div>\n\t\t\t\t<div class=\"elementor-element elementor-element-073e0ac elementor-widget-mobile__width-inherit elementor-widget elementor-widget-text-editor\" data-id=\"073e0ac\" data-element_type=\"widget\" data-e-type=\"widget\" data-widget_type=\"text-editor.default\">\n\t\t\t\t<div class=\"elementor-widget-container\">\n\t\t\t\t\t\t\t\t\t<ul class=\"texto_portfolio\" style=\"color: #1c2233;\"><li>Sales &amp; Operations Integrated Planning<\/li><li>Material Flow Analysis<\/li><li>Production Planning<\/li><li>Portfolio Strategy and Commercial Policy<\/li><li>Inventory Management<\/li><li>Shop Floor Layout Design<\/li><li>New busines\/Developments<\/li><li>Warehouse, Transportation, Distribution and <i>Comex<\/i><\/li><li>Productivity and Cost Reduction<\/li><li>Metrics, Indicators and Best Practices<\/li><li>Logistic Automation System<\/li><\/ul>\t\t\t\t\t\t\t\t<\/div>\n\t\t\t\t<\/div>\n\t\t\t\t\t<\/div>\n\t\t\t\t<\/div>\n\t\t\t\t<\/div>\n\t\t<div class=\"elementor-element elementor-element-314f12b e-con-full e-flex e-con e-child\" data-id=\"314f12b\" data-element_type=\"container\" data-e-type=\"container\" data-settings=\"{&quot;background_background&quot;:&quot;classic&quot;}\">\n\t\t\t\t<\/div>\n\t\t\t\t<\/div>\n\t\t<div class=\"elementor-element elementor-element-ee1ceeb e-con-full e-flex e-con e-parent\" data-id=\"ee1ceeb\" data-element_type=\"container\" data-e-type=\"container\" data-settings=\"{&quot;background_background&quot;:&quot;classic&quot;}\">\n\t\t<div class=\"elementor-element elementor-element-7ddca4d e-con-full e-flex e-con e-child\" data-id=\"7ddca4d\" data-element_type=\"container\" data-e-type=\"container\" data-settings=\"{&quot;background_background&quot;:&quot;classic&quot;}\">\n\t\t\t\t<\/div>\n\t\t<div class=\"elementor-element elementor-element-890fe46 e-con-full e-flex e-con e-child\" data-id=\"890fe46\" data-element_type=\"container\" data-e-type=\"container\">\n\t\t\t\t<div class=\"elementor-element elementor-element-ca049b0 elementor-widget elementor-widget-heading\" data-id=\"ca049b0\" data-element_type=\"widget\" data-e-type=\"widget\" data-widget_type=\"heading.default\">\n\t\t\t\t<div class=\"elementor-widget-container\">\n\t\t\t\t\t<h2 class=\"elementor-heading-title elementor-size-default\">Tech<\/h2>\t\t\t\t<\/div>\n\t\t\t\t<\/div>\n\t\t\t\t<div class=\"elementor-element elementor-element-5c9ffe3 elementor-widget elementor-widget-text-editor\" data-id=\"5c9ffe3\" data-element_type=\"widget\" data-e-type=\"widget\" data-widget_type=\"text-editor.default\">\n\t\t\t\t<div class=\"elementor-widget-container\">\n\t\t\t\t\t\t\t\t\t<ul style=\"color: #f5f5f7;\" class=\"texto_portfolio\">\n \t<li>Software Selection<\/li>\n \t<li>Purchasing Web Portal<\/li>\n \t<li>EDI (\u00danica Solu\u00e7\u00f5es)<\/li>\n \t<li>Management Dashboard (<i>\u00danica Solu\u00e7\u00f5es<\/i>, Tableau, QlikView, Power BI)<\/li>\n \t<li>Automation and Software Integration<\/li>\n \t<li><i>RPA (Robotic Process automation)<\/i><\/li>\n \t<li><i>Req-To-Pay<\/i> Mapping<\/li>\n<\/ul>\t\t\t\t\t\t\t\t<\/div>\n\t\t\t\t<\/div>\n\t\t\t\t<\/div>\n\t\t\t\t<\/div>\n\t\t<div class=\"elementor-element elementor-element-403a8e7 e-con-full e-flex e-con e-parent\" data-id=\"403a8e7\" data-element_type=\"container\" data-e-type=\"container\" data-settings=\"{&quot;background_background&quot;:&quot;classic&quot;}\">\n\t\t<div class=\"elementor-element elementor-element-be2f20e e-con-full e-flex e-con e-child\" data-id=\"be2f20e\" data-element_type=\"container\" data-e-type=\"container\">\n\t\t<div class=\"elementor-element elementor-element-0db91fe e-flex e-con-boxed e-con e-child\" data-id=\"0db91fe\" data-element_type=\"container\" data-e-type=\"container\">\n\t\t\t\t\t<div class=\"e-con-inner\">\n\t\t\t\t<div class=\"elementor-element elementor-element-0af5d37 elementor-widget elementor-widget-heading\" data-id=\"0af5d37\" data-element_type=\"widget\" data-e-type=\"widget\" data-widget_type=\"heading.default\">\n\t\t\t\t<div class=\"elementor-widget-container\">\n\t\t\t\t\t<h2 class=\"elementor-heading-title elementor-size-default\">Workforce Outsourcing<\/h2>\t\t\t\t<\/div>\n\t\t\t\t<\/div>\n\t\t\t\t<div class=\"elementor-element elementor-element-76ac82e elementor-widget elementor-widget-text-editor\" data-id=\"76ac82e\" data-element_type=\"widget\" data-e-type=\"widget\" data-widget_type=\"text-editor.default\">\n\t\t\t\t<div class=\"elementor-widget-container\">\n\t\t\t\t\t\t\t\t\t<ul style=\"color: #1c2233;\" class=\"texto_portfolio\">\n \t<li>Exclusive Outsourced Workforce<\/li>\n \t<li>Qualified Professionals<\/li>\n \t<li>Modular and Expandable Team<\/li>\n \t<li>Indicators Management<\/li>\n \t<li>Customized Scope and Well-Defined <i>SLA<\/i><\/li>\n \t<li>Access to Talents without Geographical Limitations<\/li>\n \t<li>Metrics, Indicators and Best Practices<\/li>\n \t<li>Compliance based on Sarbanes-Oxley Act<i> of<\/i> 2002 <i>(SOX)<\/i><\/li>\n \t<li>Large, modern office infrastructure<\/li>\n<\/ul>\t\t\t\t\t\t\t\t<\/div>\n\t\t\t\t<\/div>\n\t\t\t\t\t<\/div>\n\t\t\t\t<\/div>\n\t\t\t\t<\/div>\n\t\t<div class=\"elementor-element elementor-element-b1ceaf9 e-con-full e-flex e-con e-child\" data-id=\"b1ceaf9\" data-element_type=\"container\" data-e-type=\"container\" data-settings=\"{&quot;background_background&quot;:&quot;classic&quot;}\">\n\t\t\t\t<\/div>\n\t\t\t\t<\/div>\n\t\t\t\t<\/div>\n\t\t","protected":false},"excerpt":{"rendered":"<p>Procurement Re-design and Procurement Processess Strategic Sourcing Spend Analysis Metrics, Indicators and Best Practices Compliance, Risks and Quality Environmental, Social and Governance (ESG) Service Level Agreement (SLA) Make or Buy Study Sales &amp; Operations Sales &amp; Operations Integrated Planning Material Flow Analysis Production Planning Portfolio Strategy and Commercial Policy Inventory Management Shop Floor Layout Design [&hellip;]<\/p>\n","protected":false},"author":1,"featured_media":0,"parent":0,"menu_order":0,"comment_status":"closed","ping_status":"closed","template":"page-full-width.php","meta":{"inline_featured_image":false,"footnotes":""},"class_list":["post-12687","page","type-page","status-publish","hentry"],"yoast_head":"<!-- This site is optimized with the Yoast SEO plugin v27.3 - https:\/\/yoast.com\/product\/yoast-seo-wordpress\/ -->\n<title>Services Portfolio - Tailor Advisory<\/title>\n<meta name=\"robots\" content=\"index, follow, max-snippet:-1, max-image-preview:large, max-video-preview:-1\" \/>\n<link rel=\"canonical\" href=\"https:\/\/tailoradvisory.com\/en\/services-portfolio\/\" \/>\n<meta property=\"og:locale\" content=\"en_US\" \/>\n<meta property=\"og:type\" content=\"article\" \/>\n<meta property=\"og:title\" content=\"Services Portfolio - Tailor Advisory\" \/>\n<meta property=\"og:description\" content=\"Procurement Re-design and Procurement Processess Strategic Sourcing Spend Analysis Metrics, Indicators and Best Practices Compliance, Risks and Quality Environmental, Social and Governance (ESG) Service Level Agreement (SLA) Make or Buy Study Sales &amp; Operations Sales &amp; Operations Integrated Planning Material Flow Analysis Production Planning Portfolio Strategy and Commercial Policy Inventory Management Shop Floor Layout Design [&hellip;]\" \/>\n<meta property=\"og:url\" content=\"https:\/\/tailoradvisory.com\/en\/services-portfolio\/\" \/>\n<meta property=\"og:site_name\" content=\"Tailor Advisory\" \/>\n<meta property=\"article:modified_time\" content=\"2025-12-06T15:57:11+00:00\" \/>\n<meta name=\"twitter:card\" content=\"summary_large_image\" \/>\n<meta name=\"twitter:label1\" content=\"Est. reading time\" \/>\n\t<meta name=\"twitter:data1\" content=\"1 minute\" \/>\n<script type=\"application\/ld+json\" class=\"yoast-schema-graph\">{\"@context\":\"https:\\\/\\\/schema.org\",\"@graph\":[{\"@type\":\"WebPage\",\"@id\":\"https:\\\/\\\/tailoradvisory.com\\\/en\\\/services-portfolio\\\/\",\"url\":\"https:\\\/\\\/tailoradvisory.com\\\/en\\\/services-portfolio\\\/\",\"name\":\"Services Portfolio - Tailor Advisory\",\"isPartOf\":{\"@id\":\"https:\\\/\\\/tailoradvisory.com\\\/en\\\/#website\"},\"datePublished\":\"2023-12-19T21:25:56+00:00\",\"dateModified\":\"2025-12-06T15:57:11+00:00\",\"breadcrumb\":{\"@id\":\"https:\\\/\\\/tailoradvisory.com\\\/en\\\/services-portfolio\\\/#breadcrumb\"},\"inLanguage\":\"en-US\",\"potentialAction\":[{\"@type\":\"ReadAction\",\"target\":[\"https:\\\/\\\/tailoradvisory.com\\\/en\\\/services-portfolio\\\/\"]}]},{\"@type\":\"BreadcrumbList\",\"@id\":\"https:\\\/\\\/tailoradvisory.com\\\/en\\\/services-portfolio\\\/#breadcrumb\",\"itemListElement\":[{\"@type\":\"ListItem\",\"position\":1,\"name\":\"In\u00edcio\",\"item\":\"https:\\\/\\\/tailoradvisory.com\\\/en\\\/\"},{\"@type\":\"ListItem\",\"position\":2,\"name\":\"Services Portfolio\"}]},{\"@type\":\"WebSite\",\"@id\":\"https:\\\/\\\/tailoradvisory.com\\\/en\\\/#website\",\"url\":\"https:\\\/\\\/tailoradvisory.com\\\/en\\\/\",\"name\":\"Tailor Advisory\",\"description\":\"Gest\u00e3o operacional para aumentar o ganho!\",\"publisher\":{\"@id\":\"https:\\\/\\\/tailoradvisory.com\\\/en\\\/#organization\"},\"potentialAction\":[{\"@type\":\"SearchAction\",\"target\":{\"@type\":\"EntryPoint\",\"urlTemplate\":\"https:\\\/\\\/tailoradvisory.com\\\/en\\\/?s={search_term_string}\"},\"query-input\":{\"@type\":\"PropertyValueSpecification\",\"valueRequired\":true,\"valueName\":\"search_term_string\"}}],\"inLanguage\":\"en-US\"},{\"@type\":\"Organization\",\"@id\":\"https:\\\/\\\/tailoradvisory.com\\\/en\\\/#organization\",\"name\":\"Tailor Advisory\",\"url\":\"https:\\\/\\\/tailoradvisory.com\\\/en\\\/\",\"logo\":{\"@type\":\"ImageObject\",\"inLanguage\":\"en-US\",\"@id\":\"https:\\\/\\\/tailoradvisory.com\\\/en\\\/#\\\/schema\\\/logo\\\/image\\\/\",\"url\":\"https:\\\/\\\/tailoradvisory.com\\\/wp-content\\\/uploads\\\/2024\\\/02\\\/logo_site-scaled.jpg\",\"contentUrl\":\"https:\\\/\\\/tailoradvisory.com\\\/wp-content\\\/uploads\\\/2024\\\/02\\\/logo_site-scaled.jpg\",\"width\":2560,\"height\":1767,\"caption\":\"Tailor Advisory\"},\"image\":{\"@id\":\"https:\\\/\\\/tailoradvisory.com\\\/en\\\/#\\\/schema\\\/logo\\\/image\\\/\"},\"sameAs\":[\"https:\\\/\\\/www.linkedin.com\\\/company\\\/tailor-advisory-ops\\\/\"]}]}<\/script>\n<!-- \/ Yoast SEO plugin. -->","yoast_head_json":{"title":"Services Portfolio - Tailor Advisory","robots":{"index":"index","follow":"follow","max-snippet":"max-snippet:-1","max-image-preview":"max-image-preview:large","max-video-preview":"max-video-preview:-1"},"canonical":"https:\/\/tailoradvisory.com\/en\/services-portfolio\/","og_locale":"en_US","og_type":"article","og_title":"Services Portfolio - Tailor Advisory","og_description":"Procurement Re-design and Procurement Processess Strategic Sourcing Spend Analysis Metrics, Indicators and Best Practices Compliance, Risks and Quality Environmental, Social and Governance (ESG) Service Level Agreement (SLA) Make or Buy Study Sales &amp; Operations Sales &amp; Operations Integrated Planning Material Flow Analysis Production Planning Portfolio Strategy and Commercial Policy Inventory Management Shop Floor Layout Design [&hellip;]","og_url":"https:\/\/tailoradvisory.com\/en\/services-portfolio\/","og_site_name":"Tailor Advisory","article_modified_time":"2025-12-06T15:57:11+00:00","twitter_card":"summary_large_image","twitter_misc":{"Est. reading time":"1 minute"},"schema":{"@context":"https:\/\/schema.org","@graph":[{"@type":"WebPage","@id":"https:\/\/tailoradvisory.com\/en\/services-portfolio\/","url":"https:\/\/tailoradvisory.com\/en\/services-portfolio\/","name":"Services Portfolio - Tailor Advisory","isPartOf":{"@id":"https:\/\/tailoradvisory.com\/en\/#website"},"datePublished":"2023-12-19T21:25:56+00:00","dateModified":"2025-12-06T15:57:11+00:00","breadcrumb":{"@id":"https:\/\/tailoradvisory.com\/en\/services-portfolio\/#breadcrumb"},"inLanguage":"en-US","potentialAction":[{"@type":"ReadAction","target":["https:\/\/tailoradvisory.com\/en\/services-portfolio\/"]}]},{"@type":"BreadcrumbList","@id":"https:\/\/tailoradvisory.com\/en\/services-portfolio\/#breadcrumb","itemListElement":[{"@type":"ListItem","position":1,"name":"In\u00edcio","item":"https:\/\/tailoradvisory.com\/en\/"},{"@type":"ListItem","position":2,"name":"Services Portfolio"}]},{"@type":"WebSite","@id":"https:\/\/tailoradvisory.com\/en\/#website","url":"https:\/\/tailoradvisory.com\/en\/","name":"Tailor Advisory","description":"Gest\u00e3o operacional para aumentar o ganho!","publisher":{"@id":"https:\/\/tailoradvisory.com\/en\/#organization"},"potentialAction":[{"@type":"SearchAction","target":{"@type":"EntryPoint","urlTemplate":"https:\/\/tailoradvisory.com\/en\/?s={search_term_string}"},"query-input":{"@type":"PropertyValueSpecification","valueRequired":true,"valueName":"search_term_string"}}],"inLanguage":"en-US"},{"@type":"Organization","@id":"https:\/\/tailoradvisory.com\/en\/#organization","name":"Tailor Advisory","url":"https:\/\/tailoradvisory.com\/en\/","logo":{"@type":"ImageObject","inLanguage":"en-US","@id":"https:\/\/tailoradvisory.com\/en\/#\/schema\/logo\/image\/","url":"https:\/\/tailoradvisory.com\/wp-content\/uploads\/2024\/02\/logo_site-scaled.jpg","contentUrl":"https:\/\/tailoradvisory.com\/wp-content\/uploads\/2024\/02\/logo_site-scaled.jpg","width":2560,"height":1767,"caption":"Tailor Advisory"},"image":{"@id":"https:\/\/tailoradvisory.com\/en\/#\/schema\/logo\/image\/"},"sameAs":["https:\/\/www.linkedin.com\/company\/tailor-advisory-ops\/"]}]}},"_links":{"self":[{"href":"https:\/\/tailoradvisory.com\/en\/wp-json\/wp\/v2\/pages\/12687","targetHints":{"allow":["GET"]}}],"collection":[{"href":"https:\/\/tailoradvisory.com\/en\/wp-json\/wp\/v2\/pages"}],"about":[{"href":"https:\/\/tailoradvisory.com\/en\/wp-json\/wp\/v2\/types\/page"}],"author":[{"embeddable":true,"href":"https:\/\/tailoradvisory.com\/en\/wp-json\/wp\/v2\/users\/1"}],"replies":[{"embeddable":true,"href":"https:\/\/tailoradvisory.com\/en\/wp-json\/wp\/v2\/comments?post=12687"}],"version-history":[{"count":22,"href":"https:\/\/tailoradvisory.com\/en\/wp-json\/wp\/v2\/pages\/12687\/revisions"}],"predecessor-version":[{"id":12891,"href":"https:\/\/tailoradvisory.com\/en\/wp-json\/wp\/v2\/pages\/12687\/revisions\/12891"}],"wp:attachment":[{"href":"https:\/\/tailoradvisory.com\/en\/wp-json\/wp\/v2\/media?parent=12687"}],"curies":[{"name":"wp","href":"https:\/\/api.w.org\/{rel}","templated":true}]}}