{"id":12685,"date":"2024-01-28T11:44:17","date_gmt":"2024-01-28T14:44:17","guid":{"rendered":"https:\/\/tailoradvisory.com\/contact-us\/"},"modified":"2025-04-10T00:01:31","modified_gmt":"2025-04-10T03:01:31","slug":"contact-us","status":"publish","type":"page","link":"https:\/\/tailoradvisory.com\/en\/contact-us\/","title":{"rendered":"Contact Us"},"content":{"rendered":"\t\t<div data-elementor-type=\"wp-page\" data-elementor-id=\"12685\" class=\"elementor elementor-12685 elementor-11331\">\n\t\t\t\t\t\t<section class=\"elementor-section elementor-top-section elementor-element elementor-element-764d967e elementor-section-full_width elementor-section-height-default elementor-section-height-default\" data-id=\"764d967e\" data-element_type=\"section\" data-e-type=\"section\">\n\t\t\t\t\t\t<div class=\"elementor-container elementor-column-gap-no\">\n\t\t\t\t\t<div class=\"elementor-column elementor-col-50 elementor-top-column elementor-element elementor-element-142e86e4\" data-id=\"142e86e4\" data-element_type=\"column\" data-e-type=\"column\" data-settings=\"{&quot;background_background&quot;:&quot;classic&quot;}\">\n\t\t\t<div class=\"elementor-widget-wrap elementor-element-populated\">\n\t\t\t\t\t\t<div class=\"elementor-element elementor-element-6c53574e elementor-widget elementor-widget-spacer\" data-id=\"6c53574e\" data-element_type=\"widget\" data-e-type=\"widget\" data-widget_type=\"spacer.default\">\n\t\t\t\t<div class=\"elementor-widget-container\">\n\t\t\t\t\t\t\t<div class=\"elementor-spacer\">\n\t\t\t<div class=\"elementor-spacer-inner\"><\/div>\n\t\t<\/div>\n\t\t\t\t\t\t<\/div>\n\t\t\t\t<\/div>\n\t\t\t\t\t<\/div>\n\t\t<\/div>\n\t\t\t\t<div class=\"elementor-column elementor-col-50 elementor-top-column elementor-element elementor-element-33e68c07\" data-id=\"33e68c07\" data-element_type=\"column\" data-e-type=\"column\" id=\"fale-conosco\" data-settings=\"{&quot;background_background&quot;:&quot;gradient&quot;}\">\n\t\t\t<div class=\"elementor-widget-wrap elementor-element-populated\">\n\t\t\t\t\t\t<div class=\"elementor-element elementor-element-13b7e66a elementor-widget elementor-widget-leroux_core_section_title\" data-id=\"13b7e66a\" data-element_type=\"widget\" data-e-type=\"widget\" data-widget_type=\"leroux_core_section_title.default\">\n\t\t\t\t<div class=\"elementor-widget-container\">\n\t\t\t\t\t<div class=\"qodef-shortcode qodef-m  qodef-section-title qodef-alignment--left \">\n\t\t<h1 class=\"qodef-m-title\" style=\"color: #FFFFFF\">\n\t\t\t\t\tContact Us\t\t\t<\/h1>\n\t<\/div>\n\t\t\t\t<\/div>\n\t\t\t\t<\/div>\n\t\t\t\t<div class=\"elementor-element elementor-element-655a60a1 elementor-widget elementor-widget-wp-widget-leroux_core_contact_form_7\" data-id=\"655a60a1\" data-element_type=\"widget\" data-e-type=\"widget\" data-widget_type=\"wp-widget-leroux_core_contact_form_7.default\">\n\t\t\t\t<div class=\"elementor-widget-container\">\n\t\t\t\t\t\t\t\t<div class=\"qodef-contact-form-7\">\n\t\t\t\t\n<div class=\"wpcf7 no-js\" id=\"wpcf7-f12722-o1\" lang=\"en-US\" dir=\"ltr\" data-wpcf7-id=\"12722\">\n<div class=\"screen-reader-response\"><p role=\"status\" aria-live=\"polite\" aria-atomic=\"true\"><\/p> <ul><\/ul><\/div>\n<form action=\"\/en\/wp-json\/wp\/v2\/pages\/12685#wpcf7-f12722-o1\" method=\"post\" class=\"wpcf7-form init\" aria-label=\"Contact form\" novalidate=\"novalidate\" data-status=\"init\">\n<fieldset class=\"hidden-fields-container\"><input type=\"hidden\" name=\"_wpcf7\" value=\"12722\" \/><input type=\"hidden\" name=\"_wpcf7_version\" value=\"6.1.5\" \/><input type=\"hidden\" name=\"_wpcf7_locale\" value=\"en_US\" \/><input type=\"hidden\" name=\"_wpcf7_unit_tag\" value=\"wpcf7-f12722-o1\" \/><input type=\"hidden\" name=\"_wpcf7_container_post\" value=\"0\" \/><input type=\"hidden\" name=\"_wpcf7_posted_data_hash\" value=\"\" \/><input type=\"hidden\" name=\"_wpcf7_recaptcha_response\" value=\"\" \/>\n<\/fieldset>\n<div class=\"qodef-main-form qodef--large qodef-layout--columns qodef-cf7-skin--light\">\n\n<div class=\"qodef-cf7-columns\">\n\t<div class=\"qodef-input-holder\">\n\t\t<span class=\"wpcf7-form-control-wrap\" data-name=\"nome\"><input size=\"40\" maxlength=\"400\" class=\"wpcf7-form-control wpcf7-text wpcf7-validates-as-required\" aria-required=\"true\" aria-invalid=\"false\" placeholder=\"Name *\" value=\"\" type=\"text\" name=\"nome\" \/><\/span>\n\t<\/div>\n\t<div class=\"qodef-input-holder\">\n\t\t<span class=\"wpcf7-form-control-wrap\" data-name=\"cargo\"><input size=\"40\" maxlength=\"400\" class=\"wpcf7-form-control wpcf7-text wpcf7-validates-as-required\" aria-required=\"true\" aria-invalid=\"false\" placeholder=\"Position *\" value=\"\" type=\"text\" name=\"cargo\" \/><\/span>\n\t<\/div>\n<\/div>\n\n<div class=\"qodef-cf7-columns\">\n\t<div class=\"qodef-input-holder\">\n\t\t<span class=\"wpcf7-form-control-wrap\" data-name=\"empresa\"><input size=\"40\" maxlength=\"400\" class=\"wpcf7-form-control wpcf7-text wpcf7-validates-as-required\" aria-required=\"true\" aria-invalid=\"false\" placeholder=\"Company *\" value=\"\" type=\"text\" name=\"empresa\" \/><\/span>\n\t<\/div>\n\t<div class=\"qodef-input-holder\">\n\t\t<span class=\"wpcf7-form-control-wrap\" data-name=\"segmento\"><input size=\"40\" maxlength=\"400\" class=\"wpcf7-form-control wpcf7-text wpcf7-validates-as-required\" aria-required=\"true\" aria-invalid=\"false\" placeholder=\"Segment *\" value=\"\" type=\"text\" name=\"segmento\" \/><\/span>\n\t<\/div>\n<\/div>\n<div class=\"qodef-cf7-columns\">\n\t<div class=\"qodef-input-holder\">\n\t\t<span class=\"wpcf7-form-control-wrap\" data-name=\"whatsapp\"><input size=\"40\" maxlength=\"400\" class=\"wpcf7-form-control wpcf7-tel wpcf7-validates-as-required wpcf7-text wpcf7-validates-as-tel phone\" aria-required=\"true\" aria-invalid=\"false\" placeholder=\"Your WhatsApp *\" value=\"\" type=\"tel\" name=\"whatsapp\" \/><\/span>\n\t<\/div>\n\t<div class=\"qodef-input-holder\">\n\t\t<span class=\"wpcf7-form-control-wrap\" data-name=\"email\"><input size=\"40\" maxlength=\"400\" class=\"wpcf7-form-control wpcf7-email wpcf7-validates-as-required wpcf7-text wpcf7-validates-as-email\" aria-required=\"true\" aria-invalid=\"false\" placeholder=\"Your E-mail *\" value=\"\" type=\"email\" name=\"email\" \/><\/span>\n\t<\/div>\n<\/div>\n\n<div class=\"qodef-input-holder\">\n\n<span class=\"wpcf7-form-control-wrap\" data-name=\"mensagem\"><textarea cols=\"40\" rows=\"5\" maxlength=\"2000\" class=\"wpcf7-form-control wpcf7-textarea wpcf7-validates-as-required\" aria-required=\"true\" aria-invalid=\"false\" placeholder=\"Your Message *\" name=\"mensagem\"><\/textarea><\/span>\n\n<\/div>\n\n<button class=\"wpcf7-form-control wpcf7-submit qodef-button qodef-size--normal qodef-layout--filled qodef-m\" type=\"submit\"><span class=\"qodef-m-text\">Submit...<\/span><span class=\"qodef-m-arrow\"><svg class=\"qodef-svg--button-arrow\" xmlns=\"http:\/\/www.w3.org\/2000\/svg\" width=\"10\" height=\"10\" viewBox=\"0 0 9.8 9.8\"><g><path d=\"m.4 9.4 9-9\"\/><path d=\"M.4.5h8.9\"\/><path d=\"M9.3 9.4V.5\"\/><\/g><g><path d=\"m.4 9.4 9-9\"\/><path d=\"M.4.5h8.9\"\/><path d=\"M9.3 9.4V.5\"\/><\/g><\/svg><\/span><\/button>\n\n<\/div><div class=\"wpcf7-response-output\" aria-hidden=\"true\"><\/div>\n<\/form>\n<\/div>\n\t\t\t<\/div>\n\t\t\t\t\t\t\t<\/div>\n\t\t\t\t<\/div>\n\t\t\t\t\t<\/div>\n\t\t<\/div>\n\t\t\t\t\t<\/div>\n\t\t<\/section>\n\t\t<div class=\"elementor-element elementor-element-70ce911 e-flex e-con-boxed e-con e-parent\" data-id=\"70ce911\" data-element_type=\"container\" data-e-type=\"container\">\n\t\t\t\t\t<div class=\"e-con-inner\">\n\t\t\t\t<div class=\"elementor-element elementor-element-745c2aa elementor-widget elementor-widget-html\" data-id=\"745c2aa\" data-element_type=\"widget\" data-e-type=\"widget\" data-widget_type=\"html.default\">\n\t\t\t\t<div class=\"elementor-widget-container\">\n\t\t\t\t\t<script>jQuery(document).ready(function() {\r\n    jQuery('html, body').animate({\r\n        scrollTop: jQuery('#fale-conosco').offset().top\r\n    }, 1600); \/\/ 800 \u00e9 a dura\u00e7\u00e3o da anima\u00e7\u00e3o em milissegundos\r\n});\r\n<\/script>\t\t\t\t<\/div>\n\t\t\t\t<\/div>\n\t\t\t\t\t<\/div>\n\t\t\t\t<\/div>\n\t\t\t\t<\/div>\n\t\t","protected":false},"excerpt":{"rendered":"<p>Contact Us<\/p>\n","protected":false},"author":1,"featured_media":0,"parent":0,"menu_order":0,"comment_status":"closed","ping_status":"closed","template":"page-full-width.php","meta":{"inline_featured_image":false,"footnotes":""},"class_list":["post-12685","page","type-page","status-publish","hentry"],"yoast_head":"<!-- This site is optimized with the Yoast SEO plugin v27.5 - https:\/\/yoast.com\/product\/yoast-seo-wordpress\/ -->\n<title>Contact Us - Tailor Advisory<\/title>\n<meta name=\"robots\" content=\"index, follow, max-snippet:-1, max-image-preview:large, max-video-preview:-1\" \/>\n<link rel=\"canonical\" href=\"https:\/\/tailoradvisory.com\/en\/contact-us\/\" \/>\n<meta property=\"og:locale\" content=\"en_US\" \/>\n<meta property=\"og:type\" content=\"article\" \/>\n<meta property=\"og:title\" content=\"Contact Us - Tailor Advisory\" \/>\n<meta property=\"og:description\" content=\"Contact Us\" \/>\n<meta property=\"og:url\" content=\"https:\/\/tailoradvisory.com\/en\/contact-us\/\" \/>\n<meta property=\"og:site_name\" content=\"Tailor Advisory\" \/>\n<meta property=\"article:modified_time\" content=\"2025-04-10T03:01:31+00:00\" \/>\n<meta name=\"twitter:card\" content=\"summary_large_image\" \/>\n<meta name=\"twitter:label1\" content=\"Est. reading time\" \/>\n\t<meta name=\"twitter:data1\" content=\"1 minute\" \/>\n<script type=\"application\/ld+json\" class=\"yoast-schema-graph\">{\"@context\":\"https:\\\/\\\/schema.org\",\"@graph\":[{\"@type\":\"WebPage\",\"@id\":\"https:\\\/\\\/tailoradvisory.com\\\/en\\\/contact-us\\\/\",\"url\":\"https:\\\/\\\/tailoradvisory.com\\\/en\\\/contact-us\\\/\",\"name\":\"Contact Us - Tailor Advisory\",\"isPartOf\":{\"@id\":\"https:\\\/\\\/tailoradvisory.com\\\/en\\\/#website\"},\"datePublished\":\"2024-01-28T14:44:17+00:00\",\"dateModified\":\"2025-04-10T03:01:31+00:00\",\"breadcrumb\":{\"@id\":\"https:\\\/\\\/tailoradvisory.com\\\/en\\\/contact-us\\\/#breadcrumb\"},\"inLanguage\":\"en-US\",\"potentialAction\":[{\"@type\":\"ReadAction\",\"target\":[\"https:\\\/\\\/tailoradvisory.com\\\/en\\\/contact-us\\\/\"]}]},{\"@type\":\"BreadcrumbList\",\"@id\":\"https:\\\/\\\/tailoradvisory.com\\\/en\\\/contact-us\\\/#breadcrumb\",\"itemListElement\":[{\"@type\":\"ListItem\",\"position\":1,\"name\":\"In\u00edcio\",\"item\":\"https:\\\/\\\/tailoradvisory.com\\\/en\\\/\"},{\"@type\":\"ListItem\",\"position\":2,\"name\":\"Contact Us\"}]},{\"@type\":\"WebSite\",\"@id\":\"https:\\\/\\\/tailoradvisory.com\\\/en\\\/#website\",\"url\":\"https:\\\/\\\/tailoradvisory.com\\\/en\\\/\",\"name\":\"Tailor Advisory\",\"description\":\"Gest\u00e3o operacional para aumentar o ganho!\",\"publisher\":{\"@id\":\"https:\\\/\\\/tailoradvisory.com\\\/en\\\/#organization\"},\"potentialAction\":[{\"@type\":\"SearchAction\",\"target\":{\"@type\":\"EntryPoint\",\"urlTemplate\":\"https:\\\/\\\/tailoradvisory.com\\\/en\\\/?s={search_term_string}\"},\"query-input\":{\"@type\":\"PropertyValueSpecification\",\"valueRequired\":true,\"valueName\":\"search_term_string\"}}],\"inLanguage\":\"en-US\"},{\"@type\":\"Organization\",\"@id\":\"https:\\\/\\\/tailoradvisory.com\\\/en\\\/#organization\",\"name\":\"Tailor Advisory\",\"url\":\"https:\\\/\\\/tailoradvisory.com\\\/en\\\/\",\"logo\":{\"@type\":\"ImageObject\",\"inLanguage\":\"en-US\",\"@id\":\"https:\\\/\\\/tailoradvisory.com\\\/en\\\/#\\\/schema\\\/logo\\\/image\\\/\",\"url\":\"https:\\\/\\\/tailoradvisory.com\\\/wp-content\\\/uploads\\\/2024\\\/02\\\/logo_site-scaled.jpg\",\"contentUrl\":\"https:\\\/\\\/tailoradvisory.com\\\/wp-content\\\/uploads\\\/2024\\\/02\\\/logo_site-scaled.jpg\",\"width\":2560,\"height\":1767,\"caption\":\"Tailor Advisory\"},\"image\":{\"@id\":\"https:\\\/\\\/tailoradvisory.com\\\/en\\\/#\\\/schema\\\/logo\\\/image\\\/\"},\"sameAs\":[\"https:\\\/\\\/www.linkedin.com\\\/company\\\/tailor-advisory-ops\\\/\"]}]}<\/script>\n<!-- \/ Yoast SEO plugin. -->","yoast_head_json":{"title":"Contact Us - Tailor Advisory","robots":{"index":"index","follow":"follow","max-snippet":"max-snippet:-1","max-image-preview":"max-image-preview:large","max-video-preview":"max-video-preview:-1"},"canonical":"https:\/\/tailoradvisory.com\/en\/contact-us\/","og_locale":"en_US","og_type":"article","og_title":"Contact Us - Tailor Advisory","og_description":"Contact Us","og_url":"https:\/\/tailoradvisory.com\/en\/contact-us\/","og_site_name":"Tailor Advisory","article_modified_time":"2025-04-10T03:01:31+00:00","twitter_card":"summary_large_image","twitter_misc":{"Est. reading time":"1 minute"},"schema":{"@context":"https:\/\/schema.org","@graph":[{"@type":"WebPage","@id":"https:\/\/tailoradvisory.com\/en\/contact-us\/","url":"https:\/\/tailoradvisory.com\/en\/contact-us\/","name":"Contact Us - Tailor Advisory","isPartOf":{"@id":"https:\/\/tailoradvisory.com\/en\/#website"},"datePublished":"2024-01-28T14:44:17+00:00","dateModified":"2025-04-10T03:01:31+00:00","breadcrumb":{"@id":"https:\/\/tailoradvisory.com\/en\/contact-us\/#breadcrumb"},"inLanguage":"en-US","potentialAction":[{"@type":"ReadAction","target":["https:\/\/tailoradvisory.com\/en\/contact-us\/"]}]},{"@type":"BreadcrumbList","@id":"https:\/\/tailoradvisory.com\/en\/contact-us\/#breadcrumb","itemListElement":[{"@type":"ListItem","position":1,"name":"In\u00edcio","item":"https:\/\/tailoradvisory.com\/en\/"},{"@type":"ListItem","position":2,"name":"Contact Us"}]},{"@type":"WebSite","@id":"https:\/\/tailoradvisory.com\/en\/#website","url":"https:\/\/tailoradvisory.com\/en\/","name":"Tailor Advisory","description":"Gest\u00e3o operacional para aumentar o ganho!","publisher":{"@id":"https:\/\/tailoradvisory.com\/en\/#organization"},"potentialAction":[{"@type":"SearchAction","target":{"@type":"EntryPoint","urlTemplate":"https:\/\/tailoradvisory.com\/en\/?s={search_term_string}"},"query-input":{"@type":"PropertyValueSpecification","valueRequired":true,"valueName":"search_term_string"}}],"inLanguage":"en-US"},{"@type":"Organization","@id":"https:\/\/tailoradvisory.com\/en\/#organization","name":"Tailor Advisory","url":"https:\/\/tailoradvisory.com\/en\/","logo":{"@type":"ImageObject","inLanguage":"en-US","@id":"https:\/\/tailoradvisory.com\/en\/#\/schema\/logo\/image\/","url":"https:\/\/tailoradvisory.com\/wp-content\/uploads\/2024\/02\/logo_site-scaled.jpg","contentUrl":"https:\/\/tailoradvisory.com\/wp-content\/uploads\/2024\/02\/logo_site-scaled.jpg","width":2560,"height":1767,"caption":"Tailor Advisory"},"image":{"@id":"https:\/\/tailoradvisory.com\/en\/#\/schema\/logo\/image\/"},"sameAs":["https:\/\/www.linkedin.com\/company\/tailor-advisory-ops\/"]}]}},"_links":{"self":[{"href":"https:\/\/tailoradvisory.com\/en\/wp-json\/wp\/v2\/pages\/12685","targetHints":{"allow":["GET"]}}],"collection":[{"href":"https:\/\/tailoradvisory.com\/en\/wp-json\/wp\/v2\/pages"}],"about":[{"href":"https:\/\/tailoradvisory.com\/en\/wp-json\/wp\/v2\/types\/page"}],"author":[{"embeddable":true,"href":"https:\/\/tailoradvisory.com\/en\/wp-json\/wp\/v2\/users\/1"}],"replies":[{"embeddable":true,"href":"https:\/\/tailoradvisory.com\/en\/wp-json\/wp\/v2\/comments?post=12685"}],"version-history":[{"count":9,"href":"https:\/\/tailoradvisory.com\/en\/wp-json\/wp\/v2\/pages\/12685\/revisions"}],"predecessor-version":[{"id":12727,"href":"https:\/\/tailoradvisory.com\/en\/wp-json\/wp\/v2\/pages\/12685\/revisions\/12727"}],"wp:attachment":[{"href":"https:\/\/tailoradvisory.com\/en\/wp-json\/wp\/v2\/media?parent=12685"}],"curies":[{"name":"wp","href":"https:\/\/api.w.org\/{rel}","templated":true}]}}